
{"id":9958,"date":"2020-06-15T12:03:01","date_gmt":"2020-06-15T10:03:01","guid":{"rendered":"https:\/\/irazabal.net\/aviso-legal"},"modified":"2022-07-06T10:04:27","modified_gmt":"2022-07-06T08:04:27","slug":"lege-oharra","status":"publish","type":"page","link":"https:\/\/irazabal.net\/eu\/lege-oharra\/","title":{"rendered":"Lege oharra"},"content":{"rendered":"<div class=\"wpb-content-wrapper\"><p>[vc_row][vc_column][vc_column_text]<\/p>\n<h4>Introducci\u00f3n<\/h4>\n<p>En cumplimiento de la Ley 34\/2002, de 11 de julio, de Servicios de la Sociedad de la Informaci\u00f3n y de Comercio Electr\u00f3nico (LSSI-CE), JOSE M\u00aa IRAZABAL SL informa que es titular del sitio web. De acuerdo con la exigencia del art\u00edculo 10 de la citada Ley, JOSE M\u00aa IRAZABAL SL informa de los siguientes datos:<\/p>\n<p><strong>Raz\u00f3n social:<\/strong> JOSE M\u00aa IRAZABAL SL<br \/>\n<strong>NIF:<\/strong> B20060810<br \/>\n<strong>Direcci\u00f3n Postal:<\/strong> POL. IND. AZITAIN 3 PAB. H 20600, EIBAR (GIPUZKOA)<br \/>\n<strong>Direcci\u00f3n Electr\u00f3nica:<\/strong> irazabal@irazabal.net<br \/>\n<strong>Tel\u00e9fono:<\/strong> 943 12 01 08<br \/>\n<strong>Registro Mercantil:<\/strong> tomo &#8230;&#8230;&#8230;&#8230;&#8230;.., folio &#8230;&#8230;&#8230;&#8230;&#8230;.., hoja &#8230;&#8230;&#8230;&#8230;&#8230;.. e inscripci\u00f3n &#8230;&#8230;&#8230;&#8230;&#8230;..<br \/>\n<strong>Objeto Principal:<\/strong> Informaci\u00f3n de servicios de construcci\u00f3n[\/vc_column_text][\/vc_column][\/vc_row][vc_row css=&#8221;.vc_custom_1582649519792{margin-top: 40px !important;}&#8221;][vc_column][vc_column_text]<\/p>\n<h4>Usuario y r\u00e9gimen de responsabilidades<\/h4>\n<p>La navegaci\u00f3n, acceso y uso por el sitio web de JOSE M\u00aa IRAZABAL SL confiere la condici\u00f3n de usuario, por la que se aceptan, desde la navegaci\u00f3n por el sitio web de JOSE M\u00aa IRAZABAL SL, todas las condiciones de uso aqu\u00ed establecidas sin perjuicio de la aplicaci\u00f3n de la correspondiente normativa de obligado cumplimiento legal seg\u00fan el caso.<\/p>\n<p>El sitio web de JOSE M\u00aa IRAZABAL SL proporciona gran diversidad de informaci\u00f3n, servicios y datos. El usuario asume su responsabilidad en el uso correcto del sitio web. Esta responsabilidad se extender\u00e1 a:<\/p>\n<ul>\n<li>La veracidad y licitud de las informaciones aportadas por el usuario en los formularios extendidos por JOSE M\u00aa IRAZABAL SL para el acceso a ciertos contenidos o servicios ofrecidos por el web.<\/li>\n<li>El uso de la informaci\u00f3n, servicios y datos ofrecidos por JOSE M\u00aa IRAZABAL SL contrariamente a lo dispuesto por las presentes condiciones, la Ley, la moral, las buenas costumbres o el orden p\u00fablico, o que de cualquier otro modo puedan suponer lesi\u00f3n de los derechos de terceros o del mismo funcionamiento del sitio web.<\/li>\n<\/ul>\n<p>[\/vc_column_text][\/vc_column][\/vc_row][vc_row css=&#8221;.vc_custom_1582649519792{margin-top: 40px !important;}&#8221;][vc_column][vc_column_text]<\/p>\n<h4>Pol\u00edtica de enlaces y exenciones de responsabilidad<\/h4>\n<p>JOSE M\u00aa IRAZABAL SL no se hace responsable del contenido de los sitios web a los que el usuario pueda acceder a trav\u00e9s de los enlaces establecidos en su sitio web y declara que en ning\u00fan caso proceder\u00e1 a examinar o ejercitar ning\u00fan tipo de control sobre el contenido de otros sitios de la red. Asimismo, tampoco garantizar\u00e1 la disponibilidad t\u00e9cnica, exactitud, veracidad, validez o legalidad de sitios ajenos a su propiedad a los que se pueda acceder por medio de los enlaces.<\/p>\n<p>JOSE M\u00aa IRAZABAL SL declara haber adoptado todas las medidas necesarias para evitar cualquier da\u00f1o a los usuarios de su sitio web, que pudieran derivarse de la navegaci\u00f3n por su sitio web. En consecuencia, JOSE M\u00aa IRAZABAL SL no se hace responsable, en ning\u00fan caso, de los eventuales da\u00f1os que por la navegaci\u00f3n por Internet pudiera sufrir el usuario.[\/vc_column_text][\/vc_column][\/vc_row][vc_row css=&#8221;.vc_custom_1582649519792{margin-top: 40px !important;}&#8221;][vc_column][vc_column_text]<\/p>\n<h4>Modificaciones<\/h4>\n<p>JOSE M\u00aa IRAZABAL SL se reserva el derecho a realizar las modificaciones que considere oportunas, sin aviso previo, en el contenido de su sitio web. Tanto en lo referente a los contenidos del sitio web, como en las condiciones de uso del mismo, o en las condiciones generales de contrataci\u00f3n. Dichas modificaciones podr\u00e1n realizarse a trav\u00e9s de su sitio web por cualquier forma admisible en derecho y ser\u00e1n de obligado cumplimiento durante el tiempo en que se encuentren publicadas en el web y hasta que no sean modificadas v\u00e1lidamente por otras posteriores.[\/vc_column_text][\/vc_column][\/vc_row][vc_row css=&#8221;.vc_custom_1582649519792{margin-top: 40px !important;}&#8221;][vc_column][vc_column_text]<\/p>\n<h4>Propiedad intelectual e industrial<\/h4>\n<p>JOSE M\u00aa IRAZABAL SL por s\u00ed misma o como cesionaria, es titular de todos los derechos de propiedad intelectual e industrial de su p\u00e1gina web, as\u00ed como de los elementos contenidos en la misma (a t\u00edtulo enunciativo, im\u00e1genes, sonido, audio, v\u00eddeo, software o textos; marcas o logotipos, combinaciones de colores, estructura y dise\u00f1o, selecci\u00f3n de materiales usados, programas de ordenador necesarios para su funcionamiento, acceso y uso, etc.), titularidad de JOSE M\u00aa IRAZABAL SL. Ser\u00e1n, por consiguiente, obras protegidas como propiedad intelectual por el ordenamiento jur\u00eddico espa\u00f1ol, si\u00e9ndoles aplicables tanto la normativa espa\u00f1ola y comunitaria en este campo, como los tratados internacionales relativos a la materia y suscritos por Espa\u00f1a.<\/p>\n<p>Todos los derechos reservados. En virtud de lo dispuesto en la Ley de Propiedad Intelectual, quedan expresamente prohibidas la reproducci\u00f3n, la distribuci\u00f3n y la comunicaci\u00f3n p\u00fablica, incluida su modalidad de puesta a disposici\u00f3n, de la totalidad o parte de los contenidos de esta p\u00e1gina web, con fines comerciales, en cualquier soporte y por cualquier medio t\u00e9cnico, sin la autorizaci\u00f3n de JOSE M\u00aa IRAZABAL SL.<\/p>\n<p>El usuario se compromete a respetar los derechos de Propiedad Intelectual e Industrial titularidad de JOSE M\u00aa IRAZABAL SL. Podr\u00e1 visualizar los elementos del portal e incluso imprimirlos, copiarlos y almacenarlos en el disco duro de su ordenador o en cualquier otro soporte f\u00edsico siempre y cuando sea, \u00fanica y exclusivamente, para su uso personal y privado. El usuario deber\u00e1 abstenerse de suprimir, alterar, eludir o manipular cualquier dispositivo de protecci\u00f3n o sistema de seguridad que estuviera instalado en las p\u00e1ginas de JOSE M\u00aa IRAZABAL SL.[\/vc_column_text][\/vc_column][\/vc_row][vc_row css=&#8221;.vc_custom_1582649519792{margin-top: 40px !important;}&#8221;][vc_column][vc_column_text]<\/p>\n<h4>Certificado SSL (Secure Sockets Layer)<\/h4>\n<p>El CERTIFICADO SSL proporciona autenticaci\u00f3n, privacidad y seguridad de la informaci\u00f3n entre JOSE M\u00aa IRAZABAL SL y el usuario.<\/p>\n<p>JOSE M\u00aa IRAZABAL SL dispone de un certificado de seguridad que se utiliza por CERTIFICADO SSL para realizar conexiones seguras.<\/p>\n<p>En este proceso se establecen varios par\u00e1metros para realizar la conexi\u00f3n de forma segura y se establece usando llaves preestablecidas, codificando y descodificando todos los datos enviados hasta que la conexi\u00f3n sea cerrada.[\/vc_column_text][\/vc_column][\/vc_row][vc_row css=&#8221;.vc_custom_1582649519792{margin-top: 40px !important;}&#8221;][vc_column][vc_column_text]<\/p>\n<h4>Acciones legales, legislaci\u00f3n aplicable y jurisdicci\u00f3n<\/h4>\n<p>JOSE M\u00aa IRAZABAL SL se reserva, asimismo, la facultad de presentar las acciones civiles o penales que considere oportunas por la utilizaci\u00f3n indebida de su sitio web y contenidos, o por el incumplimiento de las presentes condiciones.<\/p>\n<p>La relaci\u00f3n entre el usuario y el prestador se regir\u00e1 por la normativa vigente y de aplicaci\u00f3n en el territorio espa\u00f1ol. De surgir cualquier controversia las partes podr\u00e1n someter sus conflictos a arbitraje o acudir a la jurisdicci\u00f3n ordinaria cumpliendo con las normas sobre jurisdicci\u00f3n y competencia al respecto. JOSE M\u00aa IRAZABAL SL tiene su domicilio en GUIP\u00daZCOA, Espa\u00f1a.<\/p>\n<p>Los contratos celebrados por v\u00eda electr\u00f3nica en los que intervenga como parte un consumidor se presumir\u00e1n celebrados en el lugar en que \u00e9ste tenga su residencia habitual.<\/p>\n<p>Los contratos electr\u00f3nicos entre empresarios o profesionales, en defecto de pacto entre las partes, se presumir\u00e1n celebrados en el lugar en que est\u00e9 establecido el prestador de servicios.<\/p>\n<p>* \u00daltima actualizaci\u00f3n del Aviso Legal: 17\/09\/2021[\/vc_column_text][\/vc_column][\/vc_row]<\/p>\n<\/div>","protected":false},"excerpt":{"rendered":"<p>[vc_row][vc_column][vc_column_text] Introducci\u00f3n En cumplimiento de la Ley 34\/2002, de 11 de julio, de Servicios de la Sociedad de la Informaci\u00f3n y de Comercio Electr\u00f3nico (LSSI-CE), JOSE M\u00aa IRAZABAL SL informa que es titular del sitio web. De acuerdo con la exigencia del art\u00edculo 10 de la citada Ley, JOSE M\u00aa<\/p>\n","protected":false},"author":1,"featured_media":0,"parent":0,"menu_order":7,"comment_status":"closed","ping_status":"closed","template":"","meta":{"footnotes":""},"class_list":["post-9958","page","type-page","status-publish","hentry"],"yoast_head":"<!-- This site is optimized with the Yoast SEO plugin v27.3 - https:\/\/yoast.com\/product\/yoast-seo-wordpress\/ -->\n<title>Lege oharra - Irazabal<\/title>\n<meta name=\"robots\" content=\"noindex, nofollow\" \/>\n<meta property=\"og:locale\" content=\"eu_ES\" \/>\n<meta property=\"og:type\" content=\"article\" \/>\n<meta property=\"og:title\" content=\"Lege oharra - Irazabal\" \/>\n<meta property=\"og:description\" content=\"[vc_row][vc_column][vc_column_text] Introducci\u00f3n En cumplimiento de la Ley 34\/2002, de 11 de julio, de Servicios de la Sociedad de la Informaci\u00f3n y de Comercio Electr\u00f3nico (LSSI-CE), JOSE M\u00aa IRAZABAL SL informa que es titular del sitio web. De acuerdo con la exigencia del art\u00edculo 10 de la citada Ley, JOSE M\u00aa\" \/>\n<meta property=\"og:url\" content=\"https:\/\/irazabal.net\/eu\/lege-oharra\/\" \/>\n<meta property=\"og:site_name\" content=\"Irazabal\" \/>\n<meta property=\"article:modified_time\" content=\"2022-07-06T08:04:27+00:00\" \/>\n<meta name=\"twitter:card\" content=\"summary_large_image\" \/>\n<meta name=\"twitter:label1\" content=\"Est. reading time\" \/>\n\t<meta name=\"twitter:data1\" content=\"5 minutes\" \/>\n<script type=\"application\/ld+json\" class=\"yoast-schema-graph\">{\"@context\":\"https:\\\/\\\/schema.org\",\"@graph\":[{\"@type\":\"WebPage\",\"@id\":\"https:\\\/\\\/irazabal.net\\\/eu\\\/lege-oharra\\\/\",\"url\":\"https:\\\/\\\/irazabal.net\\\/eu\\\/lege-oharra\\\/\",\"name\":\"Lege oharra - Irazabal\",\"isPartOf\":{\"@id\":\"https:\\\/\\\/irazabal.net\\\/#website\"},\"datePublished\":\"2020-06-15T10:03:01+00:00\",\"dateModified\":\"2022-07-06T08:04:27+00:00\",\"breadcrumb\":{\"@id\":\"https:\\\/\\\/irazabal.net\\\/eu\\\/lege-oharra\\\/#breadcrumb\"},\"inLanguage\":\"eu-ES\",\"potentialAction\":[{\"@type\":\"ReadAction\",\"target\":[\"https:\\\/\\\/irazabal.net\\\/eu\\\/lege-oharra\\\/\"]}]},{\"@type\":\"BreadcrumbList\",\"@id\":\"https:\\\/\\\/irazabal.net\\\/eu\\\/lege-oharra\\\/#breadcrumb\",\"itemListElement\":[{\"@type\":\"ListItem\",\"position\":1,\"name\":\"Portada\",\"item\":\"https:\\\/\\\/irazabal.net\\\/eu\\\/hasiera\\\/\"},{\"@type\":\"ListItem\",\"position\":2,\"name\":\"Lege oharra\"}]},{\"@type\":\"WebSite\",\"@id\":\"https:\\\/\\\/irazabal.net\\\/#website\",\"url\":\"https:\\\/\\\/irazabal.net\\\/\",\"name\":\"Irazabal\",\"description\":\"Construcci\u00f3n, reforma y mantenimiento de inmuebles\",\"publisher\":{\"@id\":\"https:\\\/\\\/irazabal.net\\\/#organization\"},\"potentialAction\":[{\"@type\":\"SearchAction\",\"target\":{\"@type\":\"EntryPoint\",\"urlTemplate\":\"https:\\\/\\\/irazabal.net\\\/?s={search_term_string}\"},\"query-input\":{\"@type\":\"PropertyValueSpecification\",\"valueRequired\":true,\"valueName\":\"search_term_string\"}}],\"inLanguage\":\"eu-ES\"},{\"@type\":\"Organization\",\"@id\":\"https:\\\/\\\/irazabal.net\\\/#organization\",\"name\":\"Irazabal\",\"url\":\"https:\\\/\\\/irazabal.net\\\/\",\"logo\":{\"@type\":\"ImageObject\",\"inLanguage\":\"eu-ES\",\"@id\":\"https:\\\/\\\/irazabal.net\\\/#\\\/schema\\\/logo\\\/image\\\/\",\"url\":\"https:\\\/\\\/irazabal.net\\\/wp-content\\\/uploads\\\/logo-irazabal.png\",\"contentUrl\":\"https:\\\/\\\/irazabal.net\\\/wp-content\\\/uploads\\\/logo-irazabal.png\",\"width\":320,\"height\":50,\"caption\":\"Irazabal\"},\"image\":{\"@id\":\"https:\\\/\\\/irazabal.net\\\/#\\\/schema\\\/logo\\\/image\\\/\"}}]}<\/script>\n<!-- \/ Yoast SEO plugin. -->","yoast_head_json":{"title":"Lege oharra - Irazabal","robots":{"index":"noindex","follow":"nofollow"},"og_locale":"eu_ES","og_type":"article","og_title":"Lege oharra - Irazabal","og_description":"[vc_row][vc_column][vc_column_text] Introducci\u00f3n En cumplimiento de la Ley 34\/2002, de 11 de julio, de Servicios de la Sociedad de la Informaci\u00f3n y de Comercio Electr\u00f3nico (LSSI-CE), JOSE M\u00aa IRAZABAL SL informa que es titular del sitio web. De acuerdo con la exigencia del art\u00edculo 10 de la citada Ley, JOSE M\u00aa","og_url":"https:\/\/irazabal.net\/eu\/lege-oharra\/","og_site_name":"Irazabal","article_modified_time":"2022-07-06T08:04:27+00:00","twitter_card":"summary_large_image","twitter_misc":{"Est. reading time":"5 minutes"},"schema":{"@context":"https:\/\/schema.org","@graph":[{"@type":"WebPage","@id":"https:\/\/irazabal.net\/eu\/lege-oharra\/","url":"https:\/\/irazabal.net\/eu\/lege-oharra\/","name":"Lege oharra - Irazabal","isPartOf":{"@id":"https:\/\/irazabal.net\/#website"},"datePublished":"2020-06-15T10:03:01+00:00","dateModified":"2022-07-06T08:04:27+00:00","breadcrumb":{"@id":"https:\/\/irazabal.net\/eu\/lege-oharra\/#breadcrumb"},"inLanguage":"eu-ES","potentialAction":[{"@type":"ReadAction","target":["https:\/\/irazabal.net\/eu\/lege-oharra\/"]}]},{"@type":"BreadcrumbList","@id":"https:\/\/irazabal.net\/eu\/lege-oharra\/#breadcrumb","itemListElement":[{"@type":"ListItem","position":1,"name":"Portada","item":"https:\/\/irazabal.net\/eu\/hasiera\/"},{"@type":"ListItem","position":2,"name":"Lege oharra"}]},{"@type":"WebSite","@id":"https:\/\/irazabal.net\/#website","url":"https:\/\/irazabal.net\/","name":"Irazabal","description":"Construcci\u00f3n, reforma y mantenimiento de inmuebles","publisher":{"@id":"https:\/\/irazabal.net\/#organization"},"potentialAction":[{"@type":"SearchAction","target":{"@type":"EntryPoint","urlTemplate":"https:\/\/irazabal.net\/?s={search_term_string}"},"query-input":{"@type":"PropertyValueSpecification","valueRequired":true,"valueName":"search_term_string"}}],"inLanguage":"eu-ES"},{"@type":"Organization","@id":"https:\/\/irazabal.net\/#organization","name":"Irazabal","url":"https:\/\/irazabal.net\/","logo":{"@type":"ImageObject","inLanguage":"eu-ES","@id":"https:\/\/irazabal.net\/#\/schema\/logo\/image\/","url":"https:\/\/irazabal.net\/wp-content\/uploads\/logo-irazabal.png","contentUrl":"https:\/\/irazabal.net\/wp-content\/uploads\/logo-irazabal.png","width":320,"height":50,"caption":"Irazabal"},"image":{"@id":"https:\/\/irazabal.net\/#\/schema\/logo\/image\/"}}]}},"_links":{"self":[{"href":"https:\/\/irazabal.net\/eu\/wp-json\/wp\/v2\/pages\/9958","targetHints":{"allow":["GET"]}}],"collection":[{"href":"https:\/\/irazabal.net\/eu\/wp-json\/wp\/v2\/pages"}],"about":[{"href":"https:\/\/irazabal.net\/eu\/wp-json\/wp\/v2\/types\/page"}],"author":[{"embeddable":true,"href":"https:\/\/irazabal.net\/eu\/wp-json\/wp\/v2\/users\/1"}],"replies":[{"embeddable":true,"href":"https:\/\/irazabal.net\/eu\/wp-json\/wp\/v2\/comments?post=9958"}],"version-history":[{"count":2,"href":"https:\/\/irazabal.net\/eu\/wp-json\/wp\/v2\/pages\/9958\/revisions"}],"predecessor-version":[{"id":10194,"href":"https:\/\/irazabal.net\/eu\/wp-json\/wp\/v2\/pages\/9958\/revisions\/10194"}],"wp:attachment":[{"href":"https:\/\/irazabal.net\/eu\/wp-json\/wp\/v2\/media?parent=9958"}],"curies":[{"name":"wp","href":"https:\/\/api.w.org\/{rel}","templated":true}]}}